{"id":3653,"date":"2017-11-22T21:09:02","date_gmt":"2017-11-22T21:09:02","guid":{"rendered":"https:\/\/jvsabogados.com\/?page_id=3653"},"modified":"2017-11-24T16:06:35","modified_gmt":"2017-11-24T16:06:35","slug":"derecho-mercantil","status":"publish","type":"page","link":"https:\/\/jvsabogados.com\/en\/derecho-mercantil\/","title":{"rendered":"Derecho Mercantil"},"content":{"rendered":"<div class=\"wpb-content-wrapper\"> [vc_row][vc_column]<figure class=\"sc_image  sc_image_shape_square\"><img decoding=\"async\" src=\"https:\/\/jvsabogados.com\/wp-content\/uploads\/2017\/11\/derecho_mercantil.jpg\" alt=\"\" \/><\/figure><div class=\"sc_content main\" style=\"margin-top:95px !important;margin-bottom:5px !important;\"><h1 class=\"sc_title sc_title_regular\" style=\"text-align:center;\">Derecho Mercantil<\/h1><\/div><div class=\"sc_line sc_line_style_solid\" style=\"border-top-width:1px;border-top-style:solid;border-top-color:#dddddd;\"><\/div>[\/vc_column][\/vc_row][vc_row][vc_column width=&#8221;1\/3&#8243;][\/vc_column][vc_column width=&#8221;1\/3&#8243;][vc_column_text] <ul>\n<li>Concurso de Acreedores<\/li>\n<li>Reclamaciones de Impagados<\/li>\n<li>Responsabilidad de Administradores sociales<\/li>\n<li>Establecimientos de sociedades extranjeras<\/li>\n<li>Aumentos y Reducciones de Capital<\/li>\n<li>Transformaci\u00f3n, Fusi\u00f3n y Escisi\u00f3n de Sociedades; Liquidaci\u00f3n de Sociedades;<\/li>\n<li>Redacci\u00f3n y adaptaci\u00f3n de Estatutos de Sociedades;<\/li>\n<li>Asesoramiento y gesti\u00f3n continuada<\/li>\n<\/ul> [\/vc_column_text][\/vc_column][vc_column width=&#8221;1\/3&#8243;][\/vc_column][\/vc_row] <\/div>","protected":false},"excerpt":{"rendered":" [vc_row][vc_column][\/vc_column][\/vc_row][vc_row][vc_column width=&#8221;1\/3&#8243;][\/vc_column][vc_column width=&#8221;1\/3&#8243;][vc_column_text] Concurso de Acreedores Reclamaciones de Impagados Responsabilidad de Administradores sociales Establecimientos de sociedades extranjeras Aumentos y Reducciones de Capital Transformaci\u00f3n, Fusi\u00f3n y Escisi\u00f3n de Sociedades; Liquidaci\u00f3n de [&hellip;] ","protected":false},"author":1,"featured_media":0,"parent":0,"menu_order":0,"comment_status":"closed","ping_status":"closed","template":"","meta":{"footnotes":""},"class_list":["post-3653","page","type-page","status-publish","hentry"],"_links":{"self":[{"href":"https:\/\/jvsabogados.com\/en\/wp-json\/wp\/v2\/pages\/3653","targetHints":{"allow":["GET"]}}],"collection":[{"href":"https:\/\/jvsabogados.com\/en\/wp-json\/wp\/v2\/pages"}],"about":[{"href":"https:\/\/jvsabogados.com\/en\/wp-json\/wp\/v2\/types\/page"}],"author":[{"embeddable":true,"href":"https:\/\/jvsabogados.com\/en\/wp-json\/wp\/v2\/users\/1"}],"replies":[{"embeddable":true,"href":"https:\/\/jvsabogados.com\/en\/wp-json\/wp\/v2\/comments?post=3653"}],"version-history":[{"count":2,"href":"https:\/\/jvsabogados.com\/en\/wp-json\/wp\/v2\/pages\/3653\/revisions"}],"predecessor-version":[{"id":3721,"href":"https:\/\/jvsabogados.com\/en\/wp-json\/wp\/v2\/pages\/3653\/revisions\/3721"}],"wp:attachment":[{"href":"https:\/\/jvsabogados.com\/en\/wp-json\/wp\/v2\/media?parent=3653"}],"curies":[{"name":"wp","href":"https:\/\/api.w.org\/{rel}","templated":true}]}}