{"id":3740,"date":"2019-06-25T08:13:12","date_gmt":"2019-06-25T08:13:12","guid":{"rendered":"https:\/\/jvsabogados.com\/de\/aviso-legal\/"},"modified":"2019-06-25T12:53:16","modified_gmt":"2019-06-25T12:53:16","slug":"aviso-legal","status":"publish","type":"page","link":"https:\/\/jvsabogados.com\/de\/aviso-legal\/","title":{"rendered":"LEGAL NOTICE"},"content":{"rendered":"<p><strong>RECHTLICHE HINWEISE<\/strong><\/p><p>Gem\u00e4ss der Artikel 10 und 11\ndes Gesetzes 34\/2002, vom 11. Juli, f\u00fcr Gesellschaftsdienste f\u00fcr Information\nund elektronischer Handel, wird den Benutzern und Besuchern der gesetzlichen\nInformation bez\u00fcglich des Eigent\u00fcmerverbandes der Web, die auf der Internetadresse\nWWW.JVSABOGADOS.COM zu finden ist.<\/p><p>Titeltr\u00e4ger der Webseite:\nFirmenbezeichnung: JOSEP VICH SERRA Steuernummer (CIF\/ NIF): 37335654F\nGesch\u00e4ftssitz: C\/ LLEDONER N\u00ba5 07400 ALCUDIA, BALEARES E-Mail-Adresse: advocat@jvsabogados.com\nTelefon: 971548851. AKTIVIT\u00c4T: Anwalt. <\/p><p>Ordnungsgem\u00e4\u00dfe Verwendung der\nWebsite: WWW.JVSABOGADOS.COM. Diese Nutzungsbedingungen regeln den Zugang und\ndie Nutzung der Website WWW.JVSABOGADOS.COM. Mit der Nutzung dieser Website\nwerden Sie zum Nutzer und erkl\u00e4ren sich ab dem Zugriff auf gleich welche\nInhalte dieser Website und\/oder den Anfang der Navigation auf dieser Website\nausdr\u00fccklich mit den vorliegenden Allgemeinen Nutzungsbedingungen\neinverstanden. Gleichfalls akzeptieren Sie als Nutzer die Besonderen\nNutzungsbedingungen, die die verschiedenen, von der Gesellschaft auf dieser\nWebsite angebotenen Dienstleistungen regeln.<\/p><p>Ab dem Moment der Annahme der\nvorliegenden Allgemeinen Bedingungen verpflichtet sich der Nutzer zu einem\nzul\u00e4ssigen Gebrauch der Website, ihrer Inhalte und Dienstleistungen, in\nEinklang mit dem Gesetz, den allgemein anerkannten guten Sitten und der\n\u00f6ffentlichen Ordnung. Au\u00dferdem verpflichtet er sich, die der\nNatur der in Anspruch genommenen Website-Leistungen angemessene Sorgfalt walten\nzu lassen.<\/p><p>\u00c4NDERUNGEN: Die Gesellschaft beh\u00e4lt sich das Recht vor, die vorliegenden\nNutzungsbedingungen einseitig, zu jedem Zeitpunkt und ohne vorherige\nAnk\u00fcndigung zu \u00e4ndern. In diesen F\u00e4llen werden die durchgef\u00fchrten \u00c4nderungen so\nfr\u00fch wie m\u00f6glich ver\u00f6ffentlicht und angek\u00fcndigt. Gleichfalls beh\u00e4lt sich die\nGesellschaft das Recht vor, die Pr\u00e4sentation und die Konfiguration der Website\neinseitig, zu jedem Zeitpunkt und ohne vorherige Ank\u00fcndigung zu \u00e4ndern.<\/p><p>LINKS ZU WEBSITES VON DRITTEN: Die hier beschriebene Rechtliche Hinweise\nbeziehen sich ausschlie\u00dflich auf die Inhalte der Gesellschaft und sind f\u00fcr\nverlinkte Websites von Dritten, die von dieser Website aus zugreifbar sind,\nnicht anwendbar. Betreffend der Inhalte jeglicher verlinkten Websites \u00fcbernimmt\ndie Gesellschaft keine Haftung; gleichfalls \u00fcbernimmt sie keine Haftung f\u00fcr\nLinks, die auf den verkn\u00fcpften Seiten zu finden sind.<\/p><p>GEISTIGES UND GEWERBLICHES EIGENTUM: Die exklusive Rechtsinhaberschaft\naller Inhalte der Website liegt bei der Gesellschaft. Dies gilt ausdr\u00fccklich,\naber nicht einschr\u00e4nkend, f\u00fcr das grafische Design, die Quellcodes, Logos,\nTexte, Grafiken, Illustrationen und sonstige Elemente, die auf der Website\nerscheinen. Ebenso sind alle Handelsnamen, Markenzeichen oder sonstige, in\ndieser Website enthaltene Erkennungsmerkmale jeder Art gem\u00e4\u00df dem Gesetz \u00fcber\ngeistiges und gewerbliches Eigentum urheberrechtlich gesch\u00fctzt. Es steht der\nGesellschaft zu, von den exklusiven Nutzungsrechten am erw\u00e4hnten geistigen und\ngewerblichen Eigentum in jeglicher Art und Weise Gebrauch zu machen,\ninsbesondere was die Rechte zur Vervielf\u00e4ltigung, Verbreitung und \u00f6ffentlicher\nKommunikation betrifft. Dem Nutzer ist es verboten, ohne vorherige Erlaubnis\ngleich welche Inhalte der Website ganz oder teilweise auf jeglicher Art zu\nbenutzen, falls diese Teile des geistigen und gewerblichen Eigentums der\nGesellschaft in Bezug auf diese Website und\/oder ihre Inhalte sind.<\/p><p>Die Gesellschaft beh\u00e4lt sich das Recht vor, jegliche rechtliche Schritte\ngegen jeden Nutzer einzuleiten, der, durch jedwedes Verfahren, die\nVervielf\u00e4ltigung, den Vertrieb, den Verkauf, die Umwandlung, oder generell jede\nArt der Nutzung des ganzen oder partiellen Inhalts dieser Website vornimmt,\nfalls er\/sie damit gegen die Urheberrechte der Gesellschaft in Bezug auf die\noben beschriebenen Inhalte der Website verst\u00f6\u00dft.<\/p><p>MITTEILUNGEN: Im Zusammenhang mit diesen allgemeinen Nutzungsbedingungen\nk\u00f6nnen gleich welche notwendigen Mitteilungen oder Kommunikationsverkehr\nzwischen der Gesellschaft und dem Nutzer mittels der E-Mail\nadvocat@jvsabogados.com durchgef\u00fchrt werden. Die Mitteilungen der Gesellschaft\ngegen\u00fcber dem Nutzer werden aufgrund derjenigen Daten durchgef\u00fchrt, die der\nNutzer bei der Registrierung auf der Website angegeben hat. Der Nutzer\nakzeptiert ausdr\u00fccklich den E-Mail-Weg als g\u00fcltigen Vorgang f\u00fcr das Zusenden\njeglicher Mitteilungen in Zusammenhang mit der Nutzung der Website und\/oder der\nvertraglichen Vereinbarung der in ihr angebotenen Dienstleistungen.<\/p><p>GERICHTSSTAND UND G\u00dcLTIGE RECHTSSPRECHUNG: F\u00fcr alles, was in diesen\nNutzungsbedingungen vorgesehen wird, sowie bei der Interpretation und der\nL\u00f6sung von m\u00f6glichen Konflikten zwischen den Vertragsparteien gilt das\nspanische Recht. Unter ausdr\u00fccklichem Verzicht auf die Gerichtsbarkeit, die\nIhnen zustehen k\u00f6nnte, gilt f\u00fcr alle Streitfragen, die im Zusammenhang mit der\nAuslegung und Erf\u00fcllung der vorliegenden Nutzungsbedingungen entstehen k\u00f6nnten,\nder Gerichtsstand von JOSEP VICH SERRA.<\/p><p><strong>DATENSCHUTZBESTIMMUNGEN<\/strong><\/p><p>1. In \u00dcbereinstimmung mit dem Art. 13 und 14 der DSGVO werden Ihnen die\nfolgenden Daten zur Verf\u00fcgung gestellt: VERANTWORTLICHER JOSEP VICH\nSERRASteuernr.\/UID-Nr.: 37335654F&nbsp;\nAnschrift: C\/ LLEDONER N\u00ba5 07400 ALCUDIA, BALEARES Telefon 971548851 E-Mail:&nbsp; advocat@jvsabogados.com. Bei JOSEP VICH SERRA\nbehandeln wir die von Ihnen bereitgestellten Daten, um Dienstleistungen zu\nerbringen und\/oder um die Produkte zu verkaufen, die Sie \u00fcber unsere Webseite\nbestellen, und um das Senden von kommerziellen Informationen und Werbung zu verwalten.\nUm Ihnen Dienstleistungen entsprechend Ihren Interessen anbieten zu k\u00f6nnen,\nerstellen wir ein Gesch\u00e4ftsprofil auf Grundlage der bereitgestellten Daten. Die\nbereitgestellten personenbezogenen Daten werden w\u00e4hrend einer Frist von 5\nJahren ab dem letzten Vertragsabschluss und\/oder dem letzten Kauf Ihrerseits\ngespeichert, solange die Gesch\u00e4ftsbeziehung besteht und sofern Sie nicht ihre\nL\u00f6schung beantragen. Die bereitgestellten Daten werden gespeichert, sofern\nnicht die Einstellung der Aktivit\u00e4t beantragt wird. Es werden keine\nautomatisierten Entscheidungen auf Grundlage des besagten Profils getroffen.\nLEGITIMATION DER BEHANDLUNG&nbsp; Die\nrechtliche Grundlage f\u00fcr die Behandlung Ihrer Daten ist die Erf\u00fcllung des\nVertrags mittels des von Ihnen gem\u00e4\u00df dem Handelsgesetzbuch (C\u00f3digo de Comercio)\nund Zivilgesetzbuch (C\u00f3digo Civil) unterzeichneten\nImmobilienvermittlungsvertrags. Hinsichtlich des Sendens von kommerziellen\nAngeboten via Telekommunikation gilt das Gesetz \u00fcber Dienste der\nInformationsgesellschaft 34\/2002, Artikel 20 und 21.&nbsp; Das prospektive Angebot von Produkten und\nDienstleistungen beruht auf der Einwilligung, die von Ihnen erbeten wird.\nKeinesfalls wird bei einem Widerruf der Einwilligung der Kaufvertrag hinsichtlich\ndes Produkts und\/oder der Erbringung der Dienstleistung ung\u00fcltig. Es ist\nobligatorisch, personenbezogene Daten bereitzustellen. Andernfalls kann die\nDienstleistung nicht erbracht werden und\/oder das Produkt nicht verkauft werden\nund\/oder das gew\u00fcnschte Angebot nicht unterbreitet werden und das Senden\nkommerzieller Informationen nicht verwaltet werden.&nbsp;&nbsp; EMPF\u00c4NGER (\u00dcBERLASSUNGEN ODER \u00dcBERTRAGUNGEN)\nDaten werden nicht an Dritte weitergegeben, sofern hierzu keine gesetzliche\nVerpflichtung besteht. Eine \u00dcbermittlung der Daten an Drittl\u00e4nder ist nicht\nvorgesehen. Es werden keine Entscheidungen hinsichtlich Anpassung, Garantien,\ngeltenden Unternehmensrichtlinien oder spezifischen in Frage kommenden\nUmst\u00e4nden getroffen.RECHTE DER INTERESSENTEN ODER BETROFFENEN Jede Person hat\ndas Recht, eine Best\u00e4tigung dar\u00fcber zu erhalten, ob wir in JOSEP VICH SERRA\npersonenbezogene Daten verarbeiten, die sie betreffen oder nicht. Interessenten\nhaben das Recht auf Auskunft \u00fcber ihre personenbezogenen Daten, ebenso k\u00f6nnen\nSie die Berichtigung der unrichtigen Daten beantragen oder ggf. deren L\u00f6schung,\nunter anderem dann, wenn die Daten nicht mehr f\u00fcr die Zwecke ben\u00f6tigt werden,\nf\u00fcr die sie erhoben wurden. Unter bestimmten Umst\u00e4nden k\u00f6nnen die Interessenten\ndie Einschr\u00e4nkung der Verarbeitung ihrer Daten beantragen. In diesen F\u00e4llen\nwerden wir sie nur f\u00fcr die Betreibung von oder Verteidigung gegen Beschwerden\naufbewahren.Sie haben das Recht, einen Einspruch vor der Kontrollbeh\u00f6rde, der\nnationalen Datenschutzbeh\u00f6rde Spaniens, einzureichen. WWW.AGPD.ES<\/p><p>2.&nbsp;&nbsp; Der Kunde gestattet\nausdr\u00fccklich die Speicherung der personenbezogenen Daten, die w\u00e4hrend des\nBesuchs auf der Seite gesammelt werden oder durch das Ausf\u00fcllen jedweden\nFormulars bereitgestellt werden, sowie der Daten, die aus einer m\u00f6glichen\nGesch\u00e4ftsbeziehung in den automatisierten Dateien bzgl. personenbezogener Daten\nanfallen, die im ersten Absatz genannt werden. W\u00e4hrend des\nDatensammlungsprozesses und an jedem Ort der Webseite, an dem personenbezogene\nDaten verlangt werden, wird der Kunde dar\u00fcber informiert, sei es mittels eines\nHyperlinks oder durch entsprechende Informationen in dem Formular selbst, ob es\nobligatorisch ist, derartige personenbezogene Daten anzugeben. Von s\u00e4mtliche\nKunden, die sich dazu entschlie\u00dfen, sich auf der Webseite unseres Unternehmens\nanzumelden, verlangen wir, die personenbezogenen Daten anzugeben, die f\u00fcr die\ngew\u00fcnschte Dienstleistung erforderlich sind, was nichts anderes als die\nErbringung der auf der Webseite angebotenen Dienstleistungen und\/oder der\nVerkauf von auf der Webseite angebotenen Produkten ist.<\/p><p>3.&nbsp; Der Kunde\/Benutzer kann\nhinsichtlich der Daten, die auf die im vorherigen Absatz genannten Weise\nerfasst wurden, die in den Artikeln 15 bis 21 der Verordnung (EU) 2016\/679\ngew\u00e4hrten Rechte geltend machen, insbesondere die Rechte auf Zugriff,\nBerichtigung, L\u00f6schung, Beschr\u00e4nkung der Behandlung, Portabilit\u00e4t der Daten,\nWiderspruch und automatisierte Einzelentscheidungen, vorausgesetzt, dass dies\nanwendbar ist. Die im vorherigen Paragrafen genannten Rechte k\u00f6nnen von jedem\nKunden mittels eines Formulars zur Aus\u00fcbung der Rechte wahrgenommen werden, das\ner von uns per E-Mail verlangt. Das unterzeichnete schriftliche Ersuchen kann\nper Post an nachstehende Adresse gesendet werden: JOSEP VICH SERRA, Sitz in\nSTRASSE C\/ LLEDONER N\u00ba5 07400 ALCUDIA, BALEARES, in beiden F\u00e4llen ist eine\nFotokopie des Personalausweises (DNI) des Kunden anzuh\u00e4ngen.<\/p><p>4.Die automatisierte Behandlung, welcher s\u00e4mtliche personenbezogenen\nDaten unterliegen, die in Folge einer Anfrage, einer Nutzung, eines\nVertragsabschlusses hinsichtlich jedweden Produkts oder Dienstleistung sowie\neiner Transaktion oder einer Operation, welche \u00fcber diese Webseite abgewickelt\nwerden, gesammelt werden, haben die Aufrechterhaltung der Vertragsbeziehung mit\ndem Inhaber dieser Webseite zum Hauptzweck.<\/p><p>5. Sie gestatten das Senden von Werbung hinsichtlich unserer\nDienstleitungen und Produkte. Ihre personenbezogenen Daten werden zur\nVerwaltung des Sendens von Werbung auf herk\u00f6mmlichem oder elektronischem Wege\ngenutzt. Die E-Mail-Adressen und personenbezogenen Daten, die Sie uns mittels\ndes Kontaktformulars der Webseite bereitstellen, werden ausschlie\u00dflich dazu\ngenutzt, um die Anfragen zu bearbeiten, die Sie uns auf diesem Wege senden.\nHinsichtlich der Nutzung und Behandlung Ihrer personenbezogenen Daten zur\nVerwaltung des Sendens von Werbung gelten die Artikel 22.1 und 22.2 des\nGesetzes 34\/2002 vom 11. Juli \u00fcber Dienste der Informationsgesellschaft und\n\u00fcber den elektronischen Gesch\u00e4ftsverkehr, welches Kraft des Artikels 4 des\nK\u00f6niglichen Gesetzesdekret 13\/2012 modifiziert wurde.<\/p><p>6. Die Gesellschaft garantiert die Vertraulichkeit der personenbezogenen\nDaten. Das Unternehmen und\/oder die Gesellschaft werden den zust\u00e4ndigen\n\u00f6ffentlichen Beh\u00f6rden jedoch die personenbezogenen Daten und s\u00e4mtliche weiteren\nInformation offenlegen, \u00fcber welche es\/sie verf\u00fcgt oder welche \u00fcber sein\/ihr\nSystem zug\u00e4nglich sind und entsprechend der ggf. anwendbaren gesetzlichen\nVorschriften und Richtlinien verlangt werden. Die personenbezogenen Daten\nk\u00f6nnen in den Dateien von JOSEP VICH SERRA gespeichert werden, auch wenn die\nBeziehungen, die \u00fcber die Webseite des Unternehmens entstanden sind, enden.\nDies erfolgt ausschlie\u00dflich zu den zuvor genannten Zwecken und allenfalls f\u00fcr\ndie gesetzlich vorgeschriebenen Fristen f\u00fcr die Verwaltungs- und Justizbeh\u00f6rden.<\/p><p><strong>POLITIK COOKIES <\/strong><\/p><p>Die Gesellschaft JOSEP VICH SERRA. mit Steuernummer (CIF\/NIF) 37335654F\nund Website WWW.JVSABOGADOS.COM, mit Gesch\u00e4ftssitz in C\/ LLEDONER N\u00ba5 07400\nALCUDIA, BALEARES, BALEARES und E-Mail-Adresse advocat@jvsabogados.com\ninformiert Sie als Nutzer dieser Website&nbsp;&nbsp;\ngem\u00e4\u00df Artikel 22.2 des Gesetzes 34\/2002 vom 11. Juli \u00fcber\nDienstleistungen der Informationsgesellschaft und des elektronischen Handels\n(LSSI) ausdr\u00fccklich dar\u00fcber, dass zur Gew\u00e4hrleistung eines optimalen\nSurferlebnisses und zum Angebot der bestm\u00f6glichen Dienstleistungen auf dieser\nSite eigene und Drittanbieter-Cookies verwendet werden. Beim Surfen oder bei\nder Benutzung unserer Dienstleistungen akzeptiert der Nutzer ausdr\u00fccklich\nunsere Verwendung von Cookies. Nichtsdestotrotz verf\u00fcgt der Nutzer \u00fcber die\nM\u00f6glichkeit, die Setzung von Cookies zu verhindern oder die bereits gesetzten\nCookies mithilfe der entsprechenden Option des Browsers zu l\u00f6schen. Wenn die\nVerwendung von Cookies durch den Browser blockiert wird, dann ist es m\u00f6glich,\ndass manche Dienstleistungen oder Funktionalit\u00e4ten der Website nicht zug\u00e4nglich\nsind.<\/p><p>A) Unter eigenen Cookies versteht man: Cookies, die vom Server oder\nDomain, die der Website-Betreiber selbst verwaltet und von welchen er die vom\nNutzer angeforderten Dienstleistungen anbietet, an die Datenendeinrichtung des\nNutzers gesendet werden.<\/p><p>Was ist ein Cookie?<\/p><p>Ein Cookie ist eine Datei, die auf den Websites heruntergeladen wird,\nbzw. die bestimmte Websites zum Browser senden. Diese werden dann auf dem Benutzerendger\u00e4t\ngespeichert, welches ein Computer, ein Mobiltelefon, ein Tablet, usw. sein\nkann. Mithilfe dieser Dateien kann die Website Informationen \u00fcber Ihrem Besuch,\nsowie den bevorzugten Sprachen und Optionen speichern, was sp\u00e4ter erm\u00f6glicht,\ndie Informationen \u00fcber das Browsen aufzurufen, das von Ihrem Benutzerendger\u00e4t\naus gemacht wurde. Auf dieser Weise wird bestrebt, Ihren n\u00e4chsten Besuch auf\nder Website zu vereinfachen und diesen n\u00fctzlicher zu machen, indem der Inhalt\nnutzergerecht angepasst wird.<\/p><p>Wie werden Cookies genutzt?<\/p><p>Wenn Sie unsere Website besuchen, erkl\u00e4ren Sie sich damit einverstanden,\ndass Cookies auf Ihrem Endger\u00e4t installiert werden k\u00f6nnen, welche uns folgende\nInformationen zukommen lassen:<\/p><p>\u2022&nbsp;&nbsp;&nbsp; Statistische Daten \u00fcber die\nBenutzung der Website.<\/p><p>\u2022&nbsp;&nbsp;&nbsp; Log-in des Nutzers, um auf\nder Website angemeldet zu bleiben.<\/p><p>\u2022&nbsp;&nbsp;&nbsp; Bevorzugtes Format beim\nZugriff von mobilen Ger\u00e4ten aus.<\/p><p>\u2022&nbsp;&nbsp;&nbsp; Die zuletzt get\u00e4tigten\nSuchanfragen bez\u00fcglich der Dienstleistungen der Website und Daten \u00fcber die\nPersonalisierung dieser Dienstleistungen.<\/p><p>\u2022&nbsp;&nbsp; Auskunft \u00fcber die Werbung, die\ndem Nutzer gezeigt wird.<\/p><p>\u2022&nbsp;&nbsp;&nbsp; Auskunft \u00fcber die Umfragen,\nan denen der Nutzer teilgenommen hat.<\/p><p>\u2022&nbsp;&nbsp;&nbsp; Daten betreffend der\nVerbindung zu sozialen Netzwerken f\u00fcr diejenigen Nutzer, die durch ihr\nFacebook- oder Twitter-Account auf die Website zugreifen.<\/p><p>Art der benutzten Cookies<\/p><p>1-Diese Website benutzt sowohl tempor\u00e4re Sitzungscookies (Session\nCookies), wie auch permanente Cookies. Session Cookies speichern nur Daten\nw\u00e4hrend einer Sitzung, also w\u00e4hrend der Zeit, in der der Nutzer auf die Website\nzugreift. Permanente Cookies speichern Daten auf dem Benutzerendger\u00e4t, damit\nsie bei mehr als einer Sitzung zugreifbar und nutzbar sind. Sie werden\n\u00fcblicherweise benutzt, um Informationen zu speichern, deren Aufbewahrung nur\nf\u00fcr die vom Nutzer einmalig angeforderter Dienstleistung interessant ist.<\/p><p>Abh\u00e4ngig vom Bearbeitungszweck der gesammelten Daten kann diese Website\nfolgende Cookies verwenden:<\/p><p>Technische Cookies:<\/p><p>2-Technische Cookies: Cookies, die dem Nutzer das Surfen auf einer\nWebsite, Plattform oder Anwendung und die Nutzung der verschiedenen darin\nenthaltenen Optionen oder Dienstleistungen erm\u00f6glichen, wie zum Beispiel\nKontrolle des Datenverkehrs und der Datenkommunikation, Identifizierung der\nLog-in-Daten, Zugriff auf Bereiche mit beschr\u00e4nktem Zugang, Speicherung der\nBestandteile einer Bestellung, Abwicklung einer Kaufbestellung, Durchf\u00fchrung\nvon Mitglieds- oder Teilnehmeranfragen f\u00fcr ein Event, Anwendung von\nSicherheitsfunktionen w\u00e4hrend des Surfens, Abspeicherung von Inhalten f\u00fcr eine\nVideo- oder Soundwiedergabe oder Verbreitung von Inhalten \u00fcber soziale\nNetzwerke.<\/p><p>Cookies zur Personalisierung der Nutzung:<\/p><p>3-Cookies zur Personalisierung der Nutzung: Cookies, die dem Nutzer den\nZugriff auf Dienstleistungen gem\u00e4\u00df einiger allgemeinen Merkmale erm\u00f6glichen,\ndie aufgrund einer Reihe von Kriterien auf dem Endger\u00e4t des Nutzers vorher\nfestgelegt wurden, wie zum Beispiel Sprache, Art des benutzten Browsers, Ortung\ndes Endger\u00e4ts und Einstellung des Standortes, von wo aus der Nutzer auf die\nDienstleistungen zugreift.<\/p><p>Werbe-Cookies:<\/p><p>4-Werbe-Cookies: Cookies, die die h\u00f6chst zweckdienliche Verwaltung von\nWerbefl\u00e4chen erm\u00f6glichen, die gegebenenfalls vom Betreiber in einer Website,\nPlattform oder Anwendung einbezogen wurden, von wo aus der Website-Betreiber\ndie erw\u00fcnschten Dienstleistungen erbringt. Diese Verwaltung erfolgt aufgrund\nder erhaltenen Informationen \u00fcber die bearbeiteten Inhalte oder der H\u00e4ufigkeit\nder Anzeigenschaltung.<\/p><p>Cookies f\u00fcr verhaltensbezogene Werbung:<\/p><p>5-Cookies f\u00fcr verhaltensbezogene Werbung: Cookies, die die h\u00f6chst\nzweckdienliche Verwaltung von Werbefl\u00e4chen erm\u00f6glichen, die gegebenenfalls vom\nBetreiber in einer Website, Plattform oder Anwendung einbezogen wurden, von wo\naus der Website-Betreiber die erw\u00fcnschten Dienstleistungen erbringt. Durch\nst\u00e4ndige Beobachtung der Nutzungsgewohnheiten der Nutzer speichern diese\nCookies Informationen \u00fcber deren Verhalten ab, was wiederum die Erstellung\neines spezifischen Benutzerprofils zur Anzeige ma\u00dfgeschneiderter Werbung\nerm\u00f6glicht.<\/p><p>Cookies zur statistischen Auswertung:<\/p><p>6-Cookies zur statistischen Auswertung: Cookies, die das Tracking und\ndie Analyse des Nutzungsverhaltens der Website-Nutzer erm\u00f6glichen. Die mithilfe\ndieser Cookies erfassten Informationen werden f\u00fcr das Messen der Aktivit\u00e4t\neiner Website, Plattform oder Anwendung benutzt, und um Surfprofile der Nutzer\ndieser Sites zu erstellen, mit dem Zweck, die angebotenen Dienstleistungen\nanhand der Nutzungsdaten zu verbessern.<\/p><p>B) Drittanbieter-Cookies:<\/p><p>1-Drittanbieter-Cookies: Cookies, die nicht vom Server oder Domain des\nWebsite-Betreibers selbst an die Datenendeinrichtung des Nutzers gesendet\nwerden, sondern von Drittanbietern verwaltet werden, welche die erfassten\nInformationen selbst bearbeiten. Bei manchen Websites k\u00f6nnen fremde Cookies von\nDrittanbietern gesetzt werden, die die Verwaltung und Verbesserung der\nangebotenen Dienstleistungen erm\u00f6glichen, wie z. B. statistische Dienste von\nGoogle Analytics und Comscore.<\/p><p>Bei dieser Website werden durch die Gesellschaft folgende Cookies\nbenutzt:<\/p><p><strong>COOKIES VON DRITTANBIETERN<\/strong><\/p><ul class=\"wp-block-list\"><li>PHPSESSID&nbsp;&nbsp;&nbsp; <\/li><li>jreject&nbsp;&nbsp;&nbsp; <\/li><li>language&nbsp;&nbsp;&nbsp; <\/li><\/ul><p>Wie kann man Cookies im Browser verwalten?<\/p><p>Der Nutzer hat die M\u00f6glichkeit die auf seinem Endger\u00e4t installierten\nCookies zu erlauben, blockieren oder l\u00f6schen, indem er die entsprechenden\nBrowsereinstellungen auf seinem Endger\u00e4t durchf\u00fchrt:<\/p><p>Verwaltung von Cookies auf PCs<\/p><p>Wenn Sie der Verwendung von Cookies unserer Website zustimmen m\u00f6chten,\ngehen Sie bitte folgenderma\u00dfen vor:<\/p><p>Google Chrome<\/p><p>1. Nach der \u00d6ffnung Ihres Browsers klicken Sie auf &#8218;Tools&#8216; im oberen\nFensterbereich und w\u00e4hlen Sie &#8218;Optionen&#8216; aus.<\/p><p>2. Innerhalb von &#8218;Optionen&#8216; klicken Sie auf &#8218;Privates&#8216;.<\/p><p>3. Markieren Sie mit einem H\u00e4kchen &#8218;Cookies akzeptieren&#8216;.<\/p><p>Microsoft Internet Explorer 6.0, 7.0, 8.0, 9.0<\/p><p>1. Nach der \u00d6ffnung Ihres Browsers klicken Sie auf &#8218;Tools&#8216; im oberen\nFensterbereich und w\u00e4hlen Sie &#8218;Optionen&#8216; aus.2. \u00dcberpr\u00fcfen Sie die\nRegisterkarte &#8218;Sicherheit&#8216; und vergewissern Sie sich, dass die Sicherheitsstufe\nauf &#8218;Mittel&#8216; oder niedriger eingestellt ist.3. Wenn nicht die mittlere\nSicherheitsstufe eingestellt ist, dann werden Cookies blockiert.<\/p><p>Mozilla Firefox<\/p><p>1. Nach der \u00d6ffnung Ihres Browsers klicken Sie auf &#8218;Tools&#8216; im oberen\nFensterbereich und w\u00e4hlen Sie &#8218;Optionen&#8216; aus.<\/p><p>2. W\u00e4hlen sie &#8218;Datenschutz&#8216; aus.<\/p><p>3. Klicken Sie auf &#8218;Cookies&#8216; und setzen Sie das H\u00e4kchen auf &#8218;Cookies\nakzeptieren&#8216;.<\/p><p>Safari<\/p><p>1. Nach der \u00d6ffnung Ihres Browsers klicken Sie auf &#8218;Tools&#8216; im oberen\nFensterbereich und w\u00e4hlen Sie &#8218;Optionen&#8216; aus. <\/p><p>2. Klicken Sie auf die Registerkarte &#8218;Sicherheit&#8216; und \u00fcberpr\u00fcfen Sie, ob\ndie Option &#8218;Blockieren von Drittanbieter-Cookies&#8216; markiert ist oder nicht.<\/p><p>3. Klicken Sie auf &#8218;Speichern&#8216;.<\/p><p>Die Installation von Cookies bei Macs<\/p><p>Wenn Sie einen Mac benutzen und der Verwendung von unseren Cookies auf\nIhrem Computer zustimmen m\u00f6chten, gehen Sie bitte folgenderma\u00dfen vor:<\/p><p>Microsoft Internet Explorer 5.0 f\u00fcr OS X<\/p><p>1. Klicken Sie auf &#8218;Explorer&#8216; und w\u00e4hlen Sie in der Navigationsleiste\n&#8218;Einstellungen&#8216; aus.<\/p><p>2. Scrollen Sie nach unten, bis Sie zu &#8218;Cookies&#8216; unmittelbar unter den\nerhaltenen Dateien gelangen.<\/p><p>3. Markieren Sie &#8218;Nie wieder fragen&#8216;.<\/p><p>Safari f\u00fcr OS X<\/p><p>1. Klicken Sie auf &#8218;Safari&#8216; und w\u00e4hlen Sie in der Navigationsleiste\n&#8218;Einstellungen&#8216; aus.<\/p><p>2. Klicken Sie auf die Registerkarte &#8218;Sicherheit&#8216; und markieren Sie die\nOption &#8218;Cookies akzeptieren&#8216;.<\/p><p>3. W\u00e4hlen Sie die Option &#8218;Nur von der gegenw\u00e4rtig besuchten Website&#8216;\naus.<\/p><p>Mozilla und Netscape f\u00fcr OS X<\/p><p>1. Klicken Sie auf &#8218;Mozilla&#8216; oder &#8218;Netscape&#8216; und w\u00e4hlen Sie im oberen\nFensterbereich &#8218;Einstellungen&#8216; aus.<\/p><p>2. Scrollen Sie nach unten, bis Sie zu &#8218;Cookies&#8216; unmittelbar unter\n&#8218;Datenschutz und Sicherheit&#8216; gelangen.<\/p><p>3. W\u00e4hlen Sie die Option &#8218;Cookies nur von der urspr\u00fcnglichen Website\nakzeptieren&#8216; aus.<\/p><p>Opera<\/p><p>1. Klicken Sie auf &#8218;Opera&#8216; und w\u00e4hlen Sie in der Navigationsleiste\n&#8218;Men\u00fc&#8216; und &#8218;Konfiguration&#8216; aus.<\/p><p>2. W\u00e4hlen Sie &#8218;Einstellungen&#8216; aus und klicken Sie auf &#8218;Erweitert&#8216;.<\/p><p>3. Markieren Sie die Option &#8218;Cookies akzeptieren&#8216;. Wenn die Verwendung\nvon Cookies durch den Browser blockiert wird, dann ist es m\u00f6glich, dass manche\nDienstleistungen oder Funktionalit\u00e4ten der Website nicht zug\u00e4nglich sind.<\/p><p>Bei\nmanchen Browsern ist es m\u00f6glich, spezifische Regeln festzulegen und die\nVerwaltung von Cookies nur f\u00fcr bestimmte Sites zuzulassen, was eine pr\u00e4zisere\nKontrolle des Datenschutzes erm\u00f6glicht. Dies bedeutet, dass man Cookies f\u00fcr\nalle Websites blockieren kann, au\u00dfer den Sites, denen man vertraut.<\/p>","protected":false},"excerpt":{"rendered":"<p>RECHTLICHE HINWEISE Gem\u00e4ss der Artikel 10 und 11 des Gesetzes 34\/2002, vom 11. Juli, f\u00fcr Gesellschaftsdienste f\u00fcr Information und elektronischer Handel, wird den Benutzern und Besuchern der gesetzlichen Information bez\u00fcglich [&hellip;] ","protected":false},"author":1,"featured_media":0,"parent":0,"menu_order":0,"comment_status":"closed","ping_status":"closed","template":"","meta":{"footnotes":""},"class_list":["post-3740","page","type-page","status-publish","hentry"],"_links":{"self":[{"href":"https:\/\/jvsabogados.com\/de\/wp-json\/wp\/v2\/pages\/3740","targetHints":{"allow":["GET"]}}],"collection":[{"href":"https:\/\/jvsabogados.com\/de\/wp-json\/wp\/v2\/pages"}],"about":[{"href":"https:\/\/jvsabogados.com\/de\/wp-json\/wp\/v2\/types\/page"}],"author":[{"embeddable":true,"href":"https:\/\/jvsabogados.com\/de\/wp-json\/wp\/v2\/users\/1"}],"replies":[{"embeddable":true,"href":"https:\/\/jvsabogados.com\/de\/wp-json\/wp\/v2\/comments?post=3740"}],"version-history":[{"count":32,"href":"https:\/\/jvsabogados.com\/de\/wp-json\/wp\/v2\/pages\/3740\/revisions"}],"predecessor-version":[{"id":3781,"href":"https:\/\/jvsabogados.com\/de\/wp-json\/wp\/v2\/pages\/3740\/revisions\/3781"}],"wp:attachment":[{"href":"https:\/\/jvsabogados.com\/de\/wp-json\/wp\/v2\/media?parent=3740"}],"curies":[{"name":"wp","href":"https:\/\/api.w.org\/{rel}","templated":true}]}}