{"id":2981,"date":"2015-02-09T09:07:32","date_gmt":"2015-02-09T09:07:32","guid":{"rendered":"http:\/\/lawoffice.themerex.net\/?page_id=2981"},"modified":"2017-11-24T15:51:45","modified_gmt":"2017-11-24T15:51:45","slug":"derecho-civil","status":"publish","type":"page","link":"https:\/\/jvsabogados.com\/de\/derecho-civil\/","title":{"rendered":"Derecho Civil"},"content":{"rendered":"<div class=\"wpb-content-wrapper\"> [vc_row][vc_column]<figure class=\"sc_image  sc_image_shape_square\"><img decoding=\"async\" src=\"https:\/\/jvsabogados.com\/wp-content\/uploads\/2017\/11\/document-agreement-documents-sign-48148.jpeg\" alt=\"\" \/><\/figure><div class=\"sc_content main\" style=\"margin-top:95px !important;margin-bottom:5px !important;\"><h1 class=\"sc_title sc_title_regular\" style=\"text-align:center;\">Derecho Civil<\/h1><\/div><div class=\"sc_line sc_line_style_solid\" style=\"border-top-width:1px;border-top-style:solid;border-top-color:#dddddd;\"><\/div>[\/vc_column][\/vc_row][vc_row][vc_column width=&#8220;1\/3&#8243;][\/vc_column][vc_column width=&#8220;1\/3&#8243;][vc_column_text] <ul>\n<li>Derecho de Familia<\/li>\n<li>Derecho de Sucesiones<\/li>\n<li>Responsabilidad Civil (Derecho de da\u00f1os y accidentes de tr\u00e1fico)<\/li>\n<li>Derecho Internacional Privado<\/li>\n<li>Reclamaciones de Cantidad<\/li>\n<li>Contratos y Obligaciones<\/li>\n<li>Inmuebles: Construcci\u00f3n, Obra nueva y Divisi\u00f3n Horizontal<\/li>\n<li>Arrendamientos &#8211; Desahucios<\/li>\n<li>Embargos<\/li>\n<li>Tr\u00e1mites Registrales<\/li>\n<\/ul>\n<p>&nbsp; [\/vc_column_text][\/vc_column][vc_column width=&#8220;1\/3&#8243;][\/vc_column][\/vc_row][vc_row][vc_column]<figure class=\"sc_image  sc_image_shape_square\"><img decoding=\"async\" src=\"https:\/\/jvsabogados.com\/wp-content\/uploads\/2017\/11\/document-agreement-documents-sign-48148.jpeg\" alt=\"\" \/><\/figure><div class=\"sc_content main\" style=\"margin-top:95px !important;margin-bottom:5px !important;\"><h1 class=\"sc_title sc_title_regular\" style=\"text-align:center;\">Derecho Civil<\/h1><\/div><div class=\"sc_line sc_line_style_solid\" style=\"border-top-width:1px;border-top-style:solid;border-top-color:#dddddd;\"><\/div>[\/vc_column][\/vc_row][vc_row][vc_column width=&#8220;1\/3&#8243;][\/vc_column][vc_column width=&#8220;1\/3&#8243;][vc_column_text] <ul>\n<li>Derecho de Familia<\/li>\n<li>Derecho de Sucesiones<\/li>\n<li>Responsabilidad Civil (Derecho de da\u00f1os y accidentes de tr\u00e1fico)<\/li>\n<li>Derecho Internacional Privado<\/li>\n<li>Reclamaciones de Cantidad<\/li>\n<li>Contratos y Obligaciones<\/li>\n<li>Inmuebles: Construcci\u00f3n, Obra nueva y Divisi\u00f3n Horizontal<\/li>\n<li>Arrendamientos &#8211; Desahucios<\/li>\n<li>Embargos<\/li>\n<li>Tr\u00e1mites Registrales<\/li>\n<\/ul>\n<p>&nbsp; [\/vc_column_text][\/vc_column][vc_column width=&#8220;1\/3&#8243;][\/vc_column][\/vc_row] <\/div>","protected":false},"excerpt":{"rendered":" [vc_row][vc_column][\/vc_column][\/vc_row][vc_row][vc_column width=&#8220;1\/3&#8243;][\/vc_column][vc_column width=&#8220;1\/3&#8243;][vc_column_text] Derecho de Familia Derecho de Sucesiones Responsabilidad Civil (Derecho de da\u00f1os y accidentes de tr\u00e1fico) Derecho Internacional Privado Reclamaciones de Cantidad Contratos y Obligaciones Inmuebles: Construcci\u00f3n, Obra [&hellip;] ","protected":false},"author":1,"featured_media":0,"parent":0,"menu_order":0,"comment_status":"open","ping_status":"closed","template":"","meta":{"footnotes":""},"class_list":["post-2981","page","type-page","status-publish","hentry"],"_links":{"self":[{"href":"https:\/\/jvsabogados.com\/de\/wp-json\/wp\/v2\/pages\/2981","targetHints":{"allow":["GET"]}}],"collection":[{"href":"https:\/\/jvsabogados.com\/de\/wp-json\/wp\/v2\/pages"}],"about":[{"href":"https:\/\/jvsabogados.com\/de\/wp-json\/wp\/v2\/types\/page"}],"author":[{"embeddable":true,"href":"https:\/\/jvsabogados.com\/de\/wp-json\/wp\/v2\/users\/1"}],"replies":[{"embeddable":true,"href":"https:\/\/jvsabogados.com\/de\/wp-json\/wp\/v2\/comments?post=2981"}],"version-history":[{"count":9,"href":"https:\/\/jvsabogados.com\/de\/wp-json\/wp\/v2\/pages\/2981\/revisions"}],"predecessor-version":[{"id":3709,"href":"https:\/\/jvsabogados.com\/de\/wp-json\/wp\/v2\/pages\/2981\/revisions\/3709"}],"wp:attachment":[{"href":"https:\/\/jvsabogados.com\/de\/wp-json\/wp\/v2\/media?parent=2981"}],"curies":[{"name":"wp","href":"https:\/\/api.w.org\/{rel}","templated":true}]}}